{"id":32,"date":"2026-03-03T12:16:08","date_gmt":"2026-03-03T11:16:08","guid":{"rendered":"https:\/\/simtel.koti.pl\/?page_id=32"},"modified":"2026-03-05T15:35:19","modified_gmt":"2026-03-05T14:35:19","slug":"o-nas","status":"publish","type":"page","link":"https:\/\/simtel.pl\/?page_id=32","title":{"rendered":"O firmie"},"content":{"rendered":"\n<div class=\"wp-block-group alignfull has-global-padding is-content-justification-center is-layout-constrained wp-container-core-group-is-layout-733701de wp-block-group-is-layout-constrained\" style=\"margin-top:0;margin-bottom:0;padding-top:var(--wp--preset--spacing--50);padding-right:var(--wp--preset--spacing--50);padding-bottom:var(--wp--preset--spacing--50);padding-left:var(--wp--preset--spacing--50)\">\n<div class=\"wp-block-group alignwide has-global-padding is-layout-constrained wp-container-core-group-is-layout-19e250f3 wp-block-group-is-layout-constrained\">\n<div class=\"wp-block-group is-vertical is-content-justification-center is-layout-flex wp-container-core-group-is-layout-6329a8f3 wp-block-group-is-layout-flex\">\n<p class=\"has-text-align-center\">Firma SimTel zosta\u0142a za\u0142o\u017cona w 1992 roku. G\u0142\u00f3wnym profilem dzia\u0142alno\u015bci firmy jest projektowanie, dostawa, monta\u017c cyfrowych system\u00f3w teleinformatycznych, sieci LAN i system\u00f3w Call Center oraz wykonawstwo sieci niskonapi\u0119ciowych wraz z dostaw\u0105 urz\u0105dze\u0144. Posiadamy certyfikat Master Partner firmy Unify w zakresie rozwi\u0105za\u0144 OpenScape Business oraz certyfikat Silver Partner firmy Extreme Networks.<\/p>\n\n\n\n<p><\/p>\n\n\n\n<p class=\"has-text-align-center\">W ofercie naszej firmy mo\u017cna wyr\u00f3\u017cni\u0107 kilka g\u0142\u00f3wnych obszar\u00f3w dzia\u0142alno\u015bci:<\/p>\n\n\n\n<p><\/p>\n\n\n\n<p><\/p>\n\n\n\n<p class=\"has-text-align-center\"><\/p>\n<\/div>\n\n\n\n<div class=\"wp-block-columns alignwide is-layout-flex wp-container-core-columns-is-layout-d1c656ed wp-block-columns-is-layout-flex\">\n<div class=\"wp-block-column is-vertically-aligned-center is-layout-flow wp-block-column-is-layout-flow\" style=\"flex-basis:40%\">\n<h3 class=\"wp-block-heading is-style-default\"><a href=\"https:\/\/simtel.koti.pl\/?page_id=99\" data-type=\"page\" data-id=\"99\">Serwery telekomunikacyjne Mitel<\/a> (dawniej Unify\/Siemens)<br>z serii:<\/h3>\n\n\n\n<ul style=\"line-height:1.75\" class=\"wp-block-list is-style-checkmark-list\">\n<li>OpenScape Business<\/li>\n\n\n\n<li>Open Scape 4000<\/li>\n\n\n\n<li>Systemy softswitchy VoIP \u2013 OpenScape Business S oraz OpenScape Voice<\/li>\n\n\n\n<li>Systemy Contact Center<\/li>\n<\/ul>\n<\/div>\n\n\n\n<div class=\"wp-block-column is-layout-flow wp-block-column-is-layout-flow\" style=\"flex-basis:50%\">\n<figure class=\"wp-block-image size-large is-style-rounded is-style-rounded--1\"><img loading=\"lazy\" decoding=\"async\" width=\"1024\" height=\"683\" src=\"https:\/\/simtel.koti.pl\/wp-content\/uploads\/2026\/03\/telefon_IP_desk-1024x683.png\" alt=\"\" class=\"wp-image-45\" srcset=\"https:\/\/simtel.pl\/wp-content\/uploads\/2026\/03\/telefon_IP_desk-1024x683.png 1024w, https:\/\/simtel.pl\/wp-content\/uploads\/2026\/03\/telefon_IP_desk-300x200.png 300w, https:\/\/simtel.pl\/wp-content\/uploads\/2026\/03\/telefon_IP_desk-768x512.png 768w, https:\/\/simtel.pl\/wp-content\/uploads\/2026\/03\/telefon_IP_desk.png 1536w\" sizes=\"auto, (max-width: 1024px) 100vw, 1024px\" \/><\/figure>\n<\/div>\n<\/div>\n\n\n\n<div style=\"height:var(--wp--preset--spacing--40)\" aria-hidden=\"true\" class=\"wp-block-spacer\"><\/div>\n\n\n\n<div class=\"wp-block-columns alignwide is-layout-flex wp-container-core-columns-is-layout-d1c656ed wp-block-columns-is-layout-flex\">\n<div class=\"wp-block-column is-layout-flow wp-block-column-is-layout-flow\" style=\"flex-basis:50%\">\n<figure class=\"wp-block-image size-full is-style-rounded is-style-rounded--2\"><img loading=\"lazy\" decoding=\"async\" width=\"1400\" height=\"933\" src=\"https:\/\/simtel.koti.pl\/wp-content\/uploads\/2026\/03\/extreme_rack2.jpg\" alt=\"\" class=\"wp-image-50\"\/><\/figure>\n<\/div>\n\n\n\n<div class=\"wp-block-column is-vertically-aligned-center is-layout-flow wp-block-column-is-layout-flow\" style=\"flex-basis:40%\">\n<h3 class=\"wp-block-heading is-style-default\">Sieci komputerowe LAN\/WAN z wykorzystaniem rozwi\u0105za\u0144 takich partner\u00f3w jak: <\/h3>\n\n\n\n<ul style=\"line-height:1.75\" class=\"wp-block-list is-style-checkmark-list\">\n<li><a href=\"https:\/\/simtel.koti.pl\/?page_id=58\" data-type=\"page\" data-id=\"58\">Extreme Networks<\/a> w zakresie urz\u0105dze\u0144 aktywnych, WiFi i bezpiecze\u0144stwa sieci<\/li>\n\n\n\n<li>FortiNet \u2013 firewalle NGFW i szerokie portfolio rozwi\u0105za\u0144 z obszaru bezpiecze\u0144stwa sieci<\/li>\n\n\n\n<li>Microsoft \u2013 rozwi\u0105zania dla przedsi\u0119biorstw On-Premise i w chmurze Azure\/MS365<\/li>\n\n\n\n<li>Fujitsu &#8211; serwery i systemy pami\u0119ci masowych<\/li>\n<\/ul>\n<\/div>\n<\/div>\n<\/div>\n<\/div>\n\n\n\n<div class=\"wp-block-group alignfull has-global-padding is-layout-constrained wp-container-core-group-is-layout-d89aad35 wp-block-group-is-layout-constrained\" style=\"margin-top:0;margin-bottom:0;padding-top:var(--wp--preset--spacing--50);padding-right:var(--wp--preset--spacing--50);padding-bottom:var(--wp--preset--spacing--50);padding-left:var(--wp--preset--spacing--50)\">\n<p>Szczeg\u00f3ln\u0105 uwag\u0119 zwracamy na prawid\u0142ow\u0105 obs\u0142ug\u0119 klienta, zar\u00f3wno na etapie projektowania, sprzeda\u017cy jak i obs\u0142ugi serwisowej. Posiadamy kadr\u0119 wysoko wykwalifikowanych In\u017cynier\u00f3w Serwisu, kt\u00f3rzy posiadaj\u0105 specjalistyczne, potwierdzone certyfikatem przeszkolenia z zakresu rozwi\u0105za\u0144 telekomunikacyjnych i informatycznych. Dzia\u0142 serwisu wyposa\u017cony jest w nowoczesny sprz\u0119t pomiarowy i diagnostyczny, kt\u00f3ry umo\u017cliwia skuteczne i szybkie usuwanie zaistnia\u0142ych usterek.<\/p>\n\n\n\n<p>Kluczowym czynnikiem decyduj\u0105cym o sukcesie ka\u017cdej firmy jest zaufanie klient\u00f3w. W ci\u0105gu dwudziestoletniej dzia\u0142alno\u015bci firmy SimTel swoim zaufaniem obdarzy\u0142o nas oko\u0142o 500 instytucji i przedsi\u0119biorstw reprezentuj\u0105cych prawie wszystkie dzia\u0142y gospodarki.<\/p>\n\n\n\n<p>Zrealizowali\u015bmy ju\u017c wiele instalacji system\u00f3w telekomunikacyjnych Unify z wykorzystaniem technologii VoIP. Naszymi klientami korzystaj\u0105cymi z rozwi\u0105za\u0144 VoIP s\u0105 mi\u0119dzy innymi: Prino-Plast J.V. Malbork, Atena Sp. z o.o. w Sopocie, BMG Bogdan Goworowski, Europejskie Centrum Solidarno\u015bci w Gda\u0144sku, , Black Red White (sie\u0107 kilkunastu system\u00f3w HiPath), Hipermarkety Tesco (kilkadziesi\u0105t system\u00f3w HiPath zsieciowanych z wykorzystaniem VPN Orange).<\/p>\n\n\n\n<p>Wielu klient\u00f3w zaufa\u0142o nam w zakresie budowy system\u00f3w CallCenter, sa to m.in.: Asseco Rzesz\u00f3w (CallCenter dla 20 agent\u00f3w), Wakacje.pl (CallCenter dla 60 agent\u00f3w), TUI Sp. z o.o. (CallCenter dla 40 agent\u00f3w), OPONEO.pl SA (CallCenter dla 60 agent\u00f3w), Signal Iduna Warszawa (CallCenter dla 25 agent\u00f3w), J.V. Darboven (CallCenter dla 10 agent\u00f3w), , sie\u0107 hurtowni HURTAP SA (4 systemy Call Center dla 95 agent\u00f3w), Swissmed Centrum Zdrowia SA. Jednym z naszych najciekawszych projekt\u00f3w teleinformatycznych, jest wykonanie systemu bezpiecze\u0144stwa na wodzie i w g\u00f3rach dla firmy Polkomtel SA. W ramach projektu dostarczyli\u015bmy urz\u0105dzenia telekomunikacyjne i informatyczne oraz autorski system oprogramowania, dzi\u0119ki kt\u00f3remu s\u0105 prowadzone akcje ratownicze z wykorzystaniem kilkunastu Centr\u00f3w Koordynacyjnych na terenie ca\u0142ej Polski.<\/p>\n\n\n\n<p>Instalacje teletechniczne wykonywali\u015bmy m.in. w nast\u0119puj\u0105cych obiektach: Centrum Kwiatkowskiego Gdynia, biurowiec Kartuska 201 w Gda\u0144sku, Biurowiec Vigo Gda\u0144sk, Biurowiec firmy Megaron Gda\u0144sk, Hotel Haffner w Sopocie, Hotel \u0141eba w \u0141ebie, Hotel Continental w Krynicy Morskiej, Szko\u0142a Wy\u017csza Ateneum w Gda\u0144sku.<\/p>\n\n\n\n<p>B\u0119dzie nam mi\u0142o je\u017celi r\u00f3wnie\u017c Pa\u0144stwa Firma zechce obdarzy\u0107 nas zaufaniem i do\u0142\u0105czy\u0107 do szacownego grona naszych zadowolonych Klient\u00f3w.<\/p>\n<\/div>\n\n\n\n<p><\/p>\n","protected":false},"excerpt":{"rendered":"<p>Firma SimTel zosta\u0142a za\u0142o\u017cona w 1992 roku. G\u0142\u00f3wnym profilem dzia\u0142alno\u015bci firmy jest projektowanie, dostawa, monta\u017c cyfrowych system\u00f3w teleinformatycznych, sieci LAN i system\u00f3w Call Center oraz wykonawstwo sieci niskonapi\u0119ciowych wraz z dostaw\u0105 urz\u0105dze\u0144. Posiadamy certyfikat Master Partner firmy Unify w zakresie rozwi\u0105za\u0144 OpenScape Business oraz certyfikat Silver Partner firmy Extreme Networks. W ofercie naszej firmy mo\u017cna [&hellip;]<\/p>\n","protected":false},"author":1,"featured_media":0,"parent":0,"menu_order":0,"comment_status":"closed","ping_status":"closed","template":"","meta":{"footnotes":""},"class_list":["post-32","page","type-page","status-publish","hentry"],"_links":{"self":[{"href":"https:\/\/simtel.pl\/index.php?rest_route=\/wp\/v2\/pages\/32","targetHints":{"allow":["GET"]}}],"collection":[{"href":"https:\/\/simtel.pl\/index.php?rest_route=\/wp\/v2\/pages"}],"about":[{"href":"https:\/\/simtel.pl\/index.php?rest_route=\/wp\/v2\/types\/page"}],"author":[{"embeddable":true,"href":"https:\/\/simtel.pl\/index.php?rest_route=\/wp\/v2\/users\/1"}],"replies":[{"embeddable":true,"href":"https:\/\/simtel.pl\/index.php?rest_route=%2Fwp%2Fv2%2Fcomments&post=32"}],"version-history":[{"count":14,"href":"https:\/\/simtel.pl\/index.php?rest_route=\/wp\/v2\/pages\/32\/revisions"}],"predecessor-version":[{"id":107,"href":"https:\/\/simtel.pl\/index.php?rest_route=\/wp\/v2\/pages\/32\/revisions\/107"}],"wp:attachment":[{"href":"https:\/\/simtel.pl\/index.php?rest_route=%2Fwp%2Fv2%2Fmedia&parent=32"}],"curies":[{"name":"wp","href":"https:\/\/api.w.org\/{rel}","templated":true}]}}