{"id":58,"date":"2026-03-04T14:32:34","date_gmt":"2026-03-04T13:32:34","guid":{"rendered":"https:\/\/simtel.koti.pl\/?page_id=58"},"modified":"2026-04-02T11:55:58","modified_gmt":"2026-04-02T10:55:58","slug":"rozwiazania-sieciowe-extreme-networks","status":"publish","type":"page","link":"https:\/\/simtel.pl\/?page_id=58","title":{"rendered":"Rozwi\u0105zania sieciowe w ofercie SimTel Sp. z o. o."},"content":{"rendered":"\n<p><\/p>\n\n\n\n<div class=\"wp-block-group alignfull has-base-2-background-color has-background has-global-padding is-layout-constrained wp-container-core-group-is-layout-669513ed wp-block-group-is-layout-constrained\" style=\"margin-top:0;margin-bottom:0;padding-top:var(--wp--preset--spacing--50);padding-right:var(--wp--preset--spacing--50);padding-bottom:var(--wp--preset--spacing--50);padding-left:var(--wp--preset--spacing--50)\">\n<div class=\"wp-block-columns alignwide is-layout-flex wp-container-core-columns-is-layout-d0bbbce0 wp-block-columns-is-layout-flex\">\n<div class=\"wp-block-column is-layout-flow wp-container-core-column-is-layout-e3d1c41b wp-block-column-is-layout-flow\">\n<p class=\"has-text-align-left\"><\/p>\n\n\n\n<figure class=\"wp-block-image size-full\"><a href=\"#Extreme\"><img loading=\"lazy\" decoding=\"async\" width=\"689\" height=\"360\" src=\"https:\/\/simtel.koti.pl\/wp-content\/uploads\/2026\/03\/extreme_logo-2.png\" alt=\"\" class=\"wp-image-146\" srcset=\"https:\/\/simtel.pl\/wp-content\/uploads\/2026\/03\/extreme_logo-2.png 689w, https:\/\/simtel.pl\/wp-content\/uploads\/2026\/03\/extreme_logo-2-300x157.png 300w\" sizes=\"auto, (max-width: 689px) 100vw, 689px\" \/><\/a><\/figure>\n<\/div>\n\n\n\n<div class=\"wp-block-column is-layout-flow wp-container-core-column-is-layout-e3d1c41b wp-block-column-is-layout-flow\">\n<p class=\"has-text-align-left\"><\/p>\n\n\n\n<figure class=\"wp-block-image size-full\"><a href=\"#Fortinet\"><img loading=\"lazy\" decoding=\"async\" width=\"453\" height=\"231\" src=\"https:\/\/simtel.koti.pl\/wp-content\/uploads\/2026\/03\/fortinet-logo-3.png\" alt=\"\" class=\"wp-image-155\" srcset=\"https:\/\/simtel.pl\/wp-content\/uploads\/2026\/03\/fortinet-logo-3.png 453w, https:\/\/simtel.pl\/wp-content\/uploads\/2026\/03\/fortinet-logo-3-300x153.png 300w\" sizes=\"auto, (max-width: 453px) 100vw, 453px\" \/><\/a><\/figure>\n<\/div>\n\n\n\n<div class=\"wp-block-column is-layout-flow wp-container-core-column-is-layout-e3d1c41b wp-block-column-is-layout-flow\">\n<p class=\"has-text-align-left\"><\/p>\n\n\n\n<figure class=\"wp-block-gallery has-nested-images columns-default is-cropped wp-block-gallery-1 is-layout-flex wp-block-gallery-is-layout-flex\">\n<figure class=\"wp-block-image size-full is-style-default\"><a href=\"#Grandstream\"><img loading=\"lazy\" decoding=\"async\" width=\"917\" height=\"437\" data-id=\"244\" src=\"https:\/\/simtel.koti.pl\/wp-content\/uploads\/2026\/04\/grandstream.png\" alt=\"\" class=\"wp-image-244\" srcset=\"https:\/\/simtel.pl\/wp-content\/uploads\/2026\/04\/grandstream.png 917w, https:\/\/simtel.pl\/wp-content\/uploads\/2026\/04\/grandstream-300x143.png 300w, https:\/\/simtel.pl\/wp-content\/uploads\/2026\/04\/grandstream-768x366.png 768w\" sizes=\"auto, (max-width: 917px) 100vw, 917px\" \/><\/a><\/figure>\n<\/figure>\n<\/div>\n<\/div>\n<\/div>\n\n\n\n<hr class=\"wp-block-separator has-alpha-channel-opacity\" id=\"Extreme\"\/>\n\n\n\n<p>SimTel od wielu lat dostarcza klientom rozwi\u0105zania sieciowe klasy korporacyjnej firmy <strong>Extreme Networks<\/strong>. Nale\u017c\u0105 do nich przede wszystkim wydajne i uniwersalne <strong><a href=\"https:\/\/www.extremenetworks.com\/solutions\/wired-access\" data-type=\"link\" data-id=\"https:\/\/www.extremenetworks.com\/solutions\/wired-access\">prze\u0142\u0105czniki sieci LAN<\/a><\/strong> dla przedsi\u0119biorstw i centr\u00f3w danych, elastyczne w zarz\u0105dzaniu <strong><a href=\"https:\/\/www.extremenetworks.com\/solutions\/wireless-access\" data-type=\"link\" data-id=\"https:\/\/www.extremenetworks.com\/solutions\/wireless-access\">sieci bezprzewodowe<\/a><\/strong> w najnowszym standardzie WiFi 7 oraz szereg rozwi\u0105za\u0144 w obszarze bezpiecze\u0144stwa. Na szczeg\u00f3ln\u0105 uwag\u0119 zas\u0142uguje technologia <a href=\"https:\/\/www.extremenetworks.com\/solutions\/network-fabric\/fabric-connect\"><strong>Extreme Fabric<\/strong><\/a>: oparte na standardowych protoko\u0142ach rozwi\u0105zanie, eliminuj\u0105ce w praktyce konfiguracj\u0119 w rdzeniu sieci przy wprowadzaniu nowych lub zmianie istniej\u0105cych us\u0142ug na brzegu sieci. Zarz\u0105dzanie sieci\u0105 mo\u017ce odbywa\u0107 si\u0119 z pomoc\u0105 dedykowanych narz\u0119dzi On-Premises (<a href=\"https:\/\/www.extremenetworks.com\/products\/network-management\/extremecloud-iq-site-engine\/extremecloud-iq---site-engine\"><strong>Extreme Cloud IQ &#8211; Site Engine<\/strong><\/a>), uruchomionych u klienta lub za pomoc\u0105 rozwi\u0105za\u0144 chmurowych ze wsparciem AI (<a href=\"https:\/\/www.extremenetworks.com\/platform-one\"><strong>Extreme Platform One<\/strong><\/a>).<\/p>\n\n\n\n<p><\/p>\n\n\n\n<p><\/p>\n\n\n\n<p><\/p>\n\n\n\n<p>Jako autoryzowany Partner o statusie Gold w ci\u0105gu kilkunastu lat SimTel zrealizowa\u0142 dostawy sprz\u0119tu i oprogramowania Extreme Networks dla wielu klient\u00f3w w Polsce, zar\u00f3wno z sektora publicznego (finanse, s\u0105downictwo, administracja) jak i prywatnego (hotele, produkcja przemys\u0142owa).<\/p>\n\n\n\n<p>Je\u015bli chcesz dowiedzie\u0107 si\u0119 wi\u0119cej o naszej ofercie Extreme Networks, zapoznaj si\u0119 z tre\u015bci\u0105 poni\u017cej lub przejd\u017a bezpo\u015brednio na stron\u0119 <a href=\"https:\/\/www.extremenetworks.com\/\"><strong>Extreme Networks<\/strong><\/a>.<\/p>\n\n\n\n<div class=\"wp-block-group alignwide has-base-2-background-color has-background has-global-padding is-layout-constrained wp-container-core-group-is-layout-1c6cb61c wp-block-group-is-layout-constrained\" style=\"min-height:1000px;margin-top:0;margin-bottom:0;padding-top:0;padding-right:var(--wp--preset--spacing--50);padding-bottom:0;padding-left:var(--wp--preset--spacing--50)\">\n<div style=\"height:24px\" aria-hidden=\"true\" class=\"wp-block-spacer\"><\/div>\n\n\n\n<div class=\"sw_frame_div\" style=\"display: none; height: 2000px; width: 100%;\"><iframe class=\"sw_frame\" allow-page-override=\"true\" add-utm-params=\"true\" data-src=\"https:\/\/wcs-ps-wcs-en-simtelspzoo.swcontentsyndication.com\/home\" style=\"height: 1200px; width: 100%; border: none;\"><\/iframe><script src=\"https:\/\/wcs-ps-wcs-en-simtelspzoo.swcontentsyndication.com\/sw\/app\/CommonUI\/JS\/setupIframeV2.js\"><\/script><\/div>\n<\/div>\n\n\n\n<div style=\"height:100px\" aria-hidden=\"true\" class=\"wp-block-spacer\"><\/div>\n\n\n\n<hr class=\"wp-block-separator has-alpha-channel-opacity\" id=\"Fortinet\"\/>\n\n\n\n<p>Rozwi\u0105zania Fortinet s\u0105 naszym pierwszym wyborem, gdy musimy dostarczy\u0107 klientowi <a href=\"https:\/\/www.fortinet.com\/products\/next-generation-firewall\" data-type=\"link\" data-id=\"https:\/\/www.fortinet.com\/products\/next-generation-firewall\"><strong>firewall NGFW (Next-Generation Firewall)<\/strong><\/a>. Jeste\u015bmy autoryzowanym partnerem Fortinet w Polsce i w ci\u0105gu kilku ostatnich lat dostarczyli\u015bmy wiele rozwi\u0105za\u0144 dla ma\u0142ych i \u015brednich firm.<\/p>\n\n\n\n<p>Oferta firmy Fortinet opiera si\u0119 na koncepcji&nbsp;<strong>Fortinet Security Fabric<\/strong>&nbsp;\u2013 zintegrowanej platformy, kt\u00f3ra \u0142\u0105czy r\u00f3\u017cne elementy infrastruktury IT, umo\u017cliwiaj\u0105c im automatyczn\u0105 wymian\u0119 informacji o zagro\u017ceniach i wsp\u00f3ln\u0105 reakcj\u0119 na ataki.&nbsp;Poni\u017cej znajduje si\u0119 zestawienie kluczowych rozwi\u0105za\u0144 Fortinet podzielone na kategorie:<\/p>\n\n\n\n<p><strong>Ochrona Sieci (Network Security)<\/strong><\/p>\n\n\n\n<p><\/p>\n\n\n\n<ul class=\"wp-block-list\">\n<li><strong>FortiGate (NGFW)<\/strong>: zapora sieciowa nowej generacji, zawieraj\u0105ca funkcje firewalla, koncentratora VPN, systemu kontroli aplikacji oraz systemu zapobiegania w\u0142amaniom (IPS).<\/li>\n\n\n\n<li><strong>FortiSwitch<\/strong>: zarz\u0105dzalne prze\u0142\u0105czniki sieciowe, pozwalaj\u0105ce na centralne zarz\u0105dzanie po pod\u0142\u0105czeniu do firewall&#8217;a FortiGate.<\/li>\n\n\n\n<li><strong>FortiAP<\/strong>: Punkty dost\u0119powe Wi-Fi, kt\u00f3re oferuj\u0105 bezpieczn\u0105 \u0142\u0105czno\u015b\u0107 bezprzewodow\u0105, w pe\u0142ni zintegrowan\u0105 z politykami bezpiecze\u0144stwa firewall<\/li>\n<\/ul>\n\n\n\n<p><strong>Ochrona U\u017cytkownik\u00f3w i Punkt\u00f3w Ko\u0144cowych (Endpoint &amp; Access)<\/strong><\/p>\n\n\n\n<ul class=\"wp-block-list\">\n<li><strong>FortiClient<\/strong>: oprogramowanie instalowane na komputerach i urz\u0105dzeniach mobilnych, pe\u0142ni\u0105ce rol\u0119 <strong>klienta VPN<\/strong>, antywirusa nowej generacji oraz sprawdzaj\u0105ce aktualny status zabezpiecze\u0144 urz\u0105dzenia (compliance).<\/li>\n\n\n\n<li><strong>FortiAuthenticator<\/strong>: serwer uwierzytelniania, kt\u00f3ry zarz\u0105dza to\u017csamo\u015bci\u0105 u\u017cytkownik\u00f3w i umo\u017cliwia wdro\u017cenie&nbsp;<strong>uwierzytelniania dwusk\u0142adnikowego (2FA)<\/strong>&nbsp;(np. za pomoc\u0105 token\u00f3w FortiToken).<\/li>\n\n\n\n<li><strong>FortiSASE<\/strong>: rozwi\u0105zanie typu Cloud-delivered Security, kt\u00f3re chroni pracownik\u00f3w zdalnych niezale\u017cnie od tego, gdzie si\u0119 znajduj\u0105, bez potrzeby przesy\u0142ania ca\u0142ego ruchu przez central\u0119 firmy.<\/li>\n<\/ul>\n\n\n\n<p><strong>Bezpiecze\u0144stwo Aplikacji i Chmury<\/strong><\/p>\n\n\n\n<ul class=\"wp-block-list\">\n<li><strong>FortiMail<\/strong>: zaawansowany system ochrony poczty elektronicznej zabezpieczaj\u0105cy przed spamem, phishingiem i z\u0142o\u015bliw\u0105 zawarto\u015bci\u0105.<\/li>\n\n\n\n<li><strong>FortiWeb<\/strong>: zapora dla aplikacji internetowych (WAF), kt\u00f3ra chroni serwery klienta przed atakami typu SQL Injection czy Cross-Site Scripting (XSS).<\/li>\n\n\n\n<li><strong>FortiCASB<\/strong>: narz\u0119dzie do monitorowania i zabezpieczania danych przechowywanych w chmurach publicznych (np. Office 365, Salesforce, Dropbox).&nbsp;<\/li>\n<\/ul>\n\n\n\n<div style=\"height:100px\" aria-hidden=\"true\" class=\"wp-block-spacer\"><\/div>\n\n\n\n<hr class=\"wp-block-separator has-alpha-channel-opacity\" id=\"Grandstream\"\/>\n\n\n\n<p><a href=\"https:\/\/www.grandstream.com\/\" data-type=\"link\" data-id=\"https:\/\/www.grandstream.com\/\"><strong>GRANDSTREAM<\/strong>&nbsp;<\/a>od 2002 roku \u0142\u0105czy \u015bwiat dzi\u0119ki produktom i rozwi\u0105zaniom do komunikacji zintegrowanej SIP umo\u017cliwiaj\u0105cym firmom znaczne zwi\u0119kszenie produktywno\u015bci. Wielokrotnie nagradzane rozwi\u0105zania sprawdzaj\u0105 si\u0119 w ma\u0142ych i \u015brednich firmach, a tak\u017ce w du\u017cych przedsi\u0119biorstwach, i s\u0105 doceniane na ca\u0142ym \u015bwiecie za jako\u015b\u0107, niezawodno\u015b\u0107 i innowacyjno\u015b\u0107. Rozwi\u0105zania firmy Grandstream obni\u017caj\u0105 koszty komunikacji, poprawiaj\u0105 bezpiecze\u0144stwo i zwi\u0119kszaj\u0105 produktywno\u015b\u0107. Produkty oparte na otwartym standardzie SIP charakteryzuj\u0105 si\u0119 zgodno\u015bci\u0105 z innymi rozwi\u0105zaniami bran\u017cowymi oraz zaawansowanymi funkcjami, elastyczno\u015bci\u0105 i przyst\u0119pno\u015bci\u0105 cen.<br>SimTel od 2018 jest autoryzowanym partnerem Grandstream w Polsce.<\/p>\n\n\n\n<p>W ofercie Grandstream wyr\u00f3\u017cni\u0107 nale\u017cy przede wszystkim takie linie produkt\u00f3w, jak:<\/p>\n\n\n\n<p><strong>Telefonia IP<\/strong>: serwery telekomunikacyjne i aparaty IP, oparte na protokole SIP, w tym wideotelefony IP, systemy wideokonferencyjne IP, bramy analogowe czy videodomofony IP.<\/p>\n\n\n\n<p><strong>Sieci LAN\/WLAN<\/strong>: zarz\u0105dzalne prze\u0142\u0105czniki sieciowe (w tym PoE) oraz punkty dost\u0119powe WiFi, a tak\u017ce routery i firewalle.<\/p>\n\n\n\n<p><strong>Cloud Management<\/strong>: niezawodne zarz\u0105dzanie w chmurze &#8211; GDMS dla rozwi\u0105za\u0144 telekomunikacyjnych oraz GWN.Cloud dla sieci WiFi.<\/p>\n\n\n\n<hr class=\"wp-block-separator has-alpha-channel-opacity\"\/>\n","protected":false},"excerpt":{"rendered":"<p>SimTel od wielu lat dostarcza klientom rozwi\u0105zania sieciowe klasy korporacyjnej firmy Extreme Networks. Nale\u017c\u0105 do nich przede wszystkim wydajne i uniwersalne prze\u0142\u0105czniki sieci LAN dla przedsi\u0119biorstw i centr\u00f3w danych, elastyczne w zarz\u0105dzaniu sieci bezprzewodowe w najnowszym standardzie WiFi 7 oraz szereg rozwi\u0105za\u0144 w obszarze bezpiecze\u0144stwa. Na szczeg\u00f3ln\u0105 uwag\u0119 zas\u0142uguje technologia Extreme Fabric: oparte na standardowych [&hellip;]<\/p>\n","protected":false},"author":1,"featured_media":0,"parent":0,"menu_order":0,"comment_status":"closed","ping_status":"closed","template":"","meta":{"footnotes":""},"class_list":["post-58","page","type-page","status-publish","hentry"],"_links":{"self":[{"href":"https:\/\/simtel.pl\/index.php?rest_route=\/wp\/v2\/pages\/58","targetHints":{"allow":["GET"]}}],"collection":[{"href":"https:\/\/simtel.pl\/index.php?rest_route=\/wp\/v2\/pages"}],"about":[{"href":"https:\/\/simtel.pl\/index.php?rest_route=\/wp\/v2\/types\/page"}],"author":[{"embeddable":true,"href":"https:\/\/simtel.pl\/index.php?rest_route=\/wp\/v2\/users\/1"}],"replies":[{"embeddable":true,"href":"https:\/\/simtel.pl\/index.php?rest_route=%2Fwp%2Fv2%2Fcomments&post=58"}],"version-history":[{"count":90,"href":"https:\/\/simtel.pl\/index.php?rest_route=\/wp\/v2\/pages\/58\/revisions"}],"predecessor-version":[{"id":259,"href":"https:\/\/simtel.pl\/index.php?rest_route=\/wp\/v2\/pages\/58\/revisions\/259"}],"wp:attachment":[{"href":"https:\/\/simtel.pl\/index.php?rest_route=%2Fwp%2Fv2%2Fmedia&parent=58"}],"curies":[{"name":"wp","href":"https:\/\/api.w.org\/{rel}","templated":true}]}}